{"id":19,"date":"2021-11-10T11:59:13","date_gmt":"2021-11-10T09:59:13","guid":{"rendered":"https:\/\/hairify.ee\/?page_id=19"},"modified":"2026-02-23T12:31:00","modified_gmt":"2026-02-23T10:31:00","slug":"broneeri-aeg","status":"publish","type":"page","link":"https:\/\/hairify.ee\/en\/broneeri-aeg\/","title":{"rendered":"Book time"},"content":{"rendered":"<div id=\"bookViewer\" data-id=\"1524\"><\/div><script src=\"https:\/\/app.booklux.com\/js\/client_view.js\"><\/script>","protected":false},"excerpt":{"rendered":"","protected":false},"author":1,"featured_media":0,"parent":0,"menu_order":0,"comment_status":"closed","ping_status":"closed","template":"templates\/full-width-page.php","meta":{"footnotes":""},"class_list":["post-19","page","type-page","status-publish","hentry"],"yoast_head":"<!-- This site is optimized with the Yoast SEO plugin v27.5 - https:\/\/yoast.com\/product\/yoast-seo-wordpress\/ -->\n<title>Broneeri aeg | Meeste juuksur Tallinnas | Hairify<\/title>\n<meta name=\"description\" content=\"Broneeri aeg Hairify meeste juuksurisse mugavalt veebis. Vali sobiv teenus ja kellaaeg ning meie meistrid hoolitsevad \u00fclej\u00e4\u00e4nu eest. Tasuta parkimine sisehoovis!\" \/>\n<meta name=\"robots\" content=\"index, follow, max-snippet:-1, max-image-preview:large, max-video-preview:-1\" \/>\n<link rel=\"canonical\" href=\"https:\/\/hairify.ee\/en\/broneeri-aeg\/\" \/>\n<meta property=\"og:locale\" content=\"en_GB\" \/>\n<meta property=\"og:type\" content=\"article\" \/>\n<meta property=\"og:title\" content=\"Broneeri aeg | Meeste juuksur Tallinnas | Hairify\" \/>\n<meta property=\"og:description\" content=\"Broneeri aeg Hairify meeste juuksurisse mugavalt veebis. Vali sobiv teenus ja kellaaeg ning meie meistrid hoolitsevad \u00fclej\u00e4\u00e4nu eest. Tasuta parkimine sisehoovis!\" \/>\n<meta property=\"og:url\" content=\"https:\/\/hairify.ee\/en\/broneeri-aeg\/\" \/>\n<meta property=\"og:site_name\" content=\"Hairify\" \/>\n<meta property=\"article:publisher\" content=\"https:\/\/facebook.com\/hairifyeesti\/\" \/>\n<meta property=\"article:modified_time\" content=\"2026-02-23T10:31:00+00:00\" \/>\n<meta name=\"twitter:card\" content=\"summary_large_image\" \/>\n<script type=\"application\/ld+json\" class=\"yoast-schema-graph\">{\"@context\":\"https:\\\/\\\/schema.org\",\"@graph\":[{\"@type\":\"WebPage\",\"@id\":\"https:\\\/\\\/hairify.ee\\\/broneeri-aeg\\\/\",\"url\":\"https:\\\/\\\/hairify.ee\\\/broneeri-aeg\\\/\",\"name\":\"Broneeri aeg | Meeste juuksur Tallinnas | Hairify\",\"isPartOf\":{\"@id\":\"https:\\\/\\\/hairify.ee\\\/#website\"},\"datePublished\":\"2021-11-10T09:59:13+00:00\",\"dateModified\":\"2026-02-23T10:31:00+00:00\",\"description\":\"Broneeri aeg Hairify meeste juuksurisse mugavalt veebis. Vali sobiv teenus ja kellaaeg ning meie meistrid hoolitsevad \u00fclej\u00e4\u00e4nu eest. Tasuta parkimine sisehoovis!\",\"breadcrumb\":{\"@id\":\"https:\\\/\\\/hairify.ee\\\/broneeri-aeg\\\/#breadcrumb\"},\"inLanguage\":\"en-GB\",\"potentialAction\":[{\"@type\":\"ReadAction\",\"target\":[\"https:\\\/\\\/hairify.ee\\\/broneeri-aeg\\\/\"]}]},{\"@type\":\"BreadcrumbList\",\"@id\":\"https:\\\/\\\/hairify.ee\\\/broneeri-aeg\\\/#breadcrumb\",\"itemListElement\":[{\"@type\":\"ListItem\",\"position\":1,\"name\":\"Home\",\"item\":\"https:\\\/\\\/hairify.ee\\\/\"},{\"@type\":\"ListItem\",\"position\":2,\"name\":\"Broneeri aeg\"}]},{\"@type\":\"WebSite\",\"@id\":\"https:\\\/\\\/hairify.ee\\\/#website\",\"url\":\"https:\\\/\\\/hairify.ee\\\/\",\"name\":\"Hairify\",\"description\":\"Meeste juuksur - Tallinn\",\"publisher\":{\"@id\":\"https:\\\/\\\/hairify.ee\\\/#organization\"},\"potentialAction\":[{\"@type\":\"SearchAction\",\"target\":{\"@type\":\"EntryPoint\",\"urlTemplate\":\"https:\\\/\\\/hairify.ee\\\/?s={search_term_string}\"},\"query-input\":{\"@type\":\"PropertyValueSpecification\",\"valueRequired\":true,\"valueName\":\"search_term_string\"}}],\"inLanguage\":\"en-GB\"},{\"@type\":\"Organization\",\"@id\":\"https:\\\/\\\/hairify.ee\\\/#organization\",\"name\":\"Hairify meeste juuksur\",\"url\":\"https:\\\/\\\/hairify.ee\\\/\",\"logo\":{\"@type\":\"ImageObject\",\"inLanguage\":\"en-GB\",\"@id\":\"https:\\\/\\\/hairify.ee\\\/#\\\/schema\\\/logo\\\/image\\\/\",\"url\":\"https:\\\/\\\/hairify.ee\\\/wp-content\\\/uploads\\\/2021\\\/12\\\/Color-logo-no-background.png\",\"contentUrl\":\"https:\\\/\\\/hairify.ee\\\/wp-content\\\/uploads\\\/2021\\\/12\\\/Color-logo-no-background.png\",\"width\":3192,\"height\":3192,\"caption\":\"Hairify meeste juuksur\"},\"image\":{\"@id\":\"https:\\\/\\\/hairify.ee\\\/#\\\/schema\\\/logo\\\/image\\\/\"},\"sameAs\":[\"https:\\\/\\\/facebook.com\\\/hairifyeesti\\\/\",\"https:\\\/\\\/www.instagram.com\\\/hairifyeesti\\\/\"]}]}<\/script>\n<!-- \/ Yoast SEO plugin. -->","yoast_head_json":{"title":"Broneeri aeg | Meeste juuksur Tallinnas | Hairify","description":"Broneeri aeg Hairify meeste juuksurisse mugavalt veebis. Vali sobiv teenus ja kellaaeg ning meie meistrid hoolitsevad \u00fclej\u00e4\u00e4nu eest. Tasuta parkimine sisehoovis!","robots":{"index":"index","follow":"follow","max-snippet":"max-snippet:-1","max-image-preview":"max-image-preview:large","max-video-preview":"max-video-preview:-1"},"canonical":"https:\/\/hairify.ee\/en\/broneeri-aeg\/","og_locale":"en_GB","og_type":"article","og_title":"Broneeri aeg | Meeste juuksur Tallinnas | Hairify","og_description":"Broneeri aeg Hairify meeste juuksurisse mugavalt veebis. Vali sobiv teenus ja kellaaeg ning meie meistrid hoolitsevad \u00fclej\u00e4\u00e4nu eest. Tasuta parkimine sisehoovis!","og_url":"https:\/\/hairify.ee\/en\/broneeri-aeg\/","og_site_name":"Hairify","article_publisher":"https:\/\/facebook.com\/hairifyeesti\/","article_modified_time":"2026-02-23T10:31:00+00:00","twitter_card":"summary_large_image","schema":{"@context":"https:\/\/schema.org","@graph":[{"@type":"WebPage","@id":"https:\/\/hairify.ee\/broneeri-aeg\/","url":"https:\/\/hairify.ee\/broneeri-aeg\/","name":"Broneeri aeg | Meeste juuksur Tallinnas | Hairify","isPartOf":{"@id":"https:\/\/hairify.ee\/#website"},"datePublished":"2021-11-10T09:59:13+00:00","dateModified":"2026-02-23T10:31:00+00:00","description":"Broneeri aeg Hairify meeste juuksurisse mugavalt veebis. Vali sobiv teenus ja kellaaeg ning meie meistrid hoolitsevad \u00fclej\u00e4\u00e4nu eest. Tasuta parkimine sisehoovis!","breadcrumb":{"@id":"https:\/\/hairify.ee\/broneeri-aeg\/#breadcrumb"},"inLanguage":"en-GB","potentialAction":[{"@type":"ReadAction","target":["https:\/\/hairify.ee\/broneeri-aeg\/"]}]},{"@type":"BreadcrumbList","@id":"https:\/\/hairify.ee\/broneeri-aeg\/#breadcrumb","itemListElement":[{"@type":"ListItem","position":1,"name":"Home","item":"https:\/\/hairify.ee\/"},{"@type":"ListItem","position":2,"name":"Broneeri aeg"}]},{"@type":"WebSite","@id":"https:\/\/hairify.ee\/#website","url":"https:\/\/hairify.ee\/","name":"Hairify","description":"Meeste juuksur - Tallinn","publisher":{"@id":"https:\/\/hairify.ee\/#organization"},"potentialAction":[{"@type":"SearchAction","target":{"@type":"EntryPoint","urlTemplate":"https:\/\/hairify.ee\/?s={search_term_string}"},"query-input":{"@type":"PropertyValueSpecification","valueRequired":true,"valueName":"search_term_string"}}],"inLanguage":"en-GB"},{"@type":"Organization","@id":"https:\/\/hairify.ee\/#organization","name":"Hairify meeste juuksur","url":"https:\/\/hairify.ee\/","logo":{"@type":"ImageObject","inLanguage":"en-GB","@id":"https:\/\/hairify.ee\/#\/schema\/logo\/image\/","url":"https:\/\/hairify.ee\/wp-content\/uploads\/2021\/12\/Color-logo-no-background.png","contentUrl":"https:\/\/hairify.ee\/wp-content\/uploads\/2021\/12\/Color-logo-no-background.png","width":3192,"height":3192,"caption":"Hairify meeste juuksur"},"image":{"@id":"https:\/\/hairify.ee\/#\/schema\/logo\/image\/"},"sameAs":["https:\/\/facebook.com\/hairifyeesti\/","https:\/\/www.instagram.com\/hairifyeesti\/"]}]}},"_links":{"self":[{"href":"https:\/\/hairify.ee\/en\/wp-json\/wp\/v2\/pages\/19","targetHints":{"allow":["GET"]}}],"collection":[{"href":"https:\/\/hairify.ee\/en\/wp-json\/wp\/v2\/pages"}],"about":[{"href":"https:\/\/hairify.ee\/en\/wp-json\/wp\/v2\/types\/page"}],"author":[{"embeddable":true,"href":"https:\/\/hairify.ee\/en\/wp-json\/wp\/v2\/users\/1"}],"replies":[{"embeddable":true,"href":"https:\/\/hairify.ee\/en\/wp-json\/wp\/v2\/comments?post=19"}],"version-history":[{"count":10,"href":"https:\/\/hairify.ee\/en\/wp-json\/wp\/v2\/pages\/19\/revisions"}],"predecessor-version":[{"id":1343,"href":"https:\/\/hairify.ee\/en\/wp-json\/wp\/v2\/pages\/19\/revisions\/1343"}],"wp:attachment":[{"href":"https:\/\/hairify.ee\/en\/wp-json\/wp\/v2\/media?parent=19"}],"curies":[{"name":"wp","href":"https:\/\/api.w.org\/{rel}","templated":true}]}}