{"id":902,"date":"2022-01-09T14:36:35","date_gmt":"2022-01-09T12:36:35","guid":{"rendered":"https:\/\/hairify.ee\/?page_id=902"},"modified":"2026-02-23T12:29:07","modified_gmt":"2026-02-23T10:29:07","slug":"tehtud-tood","status":"publish","type":"page","link":"https:\/\/hairify.ee\/en\/tehtud-tood\/","title":{"rendered":"Haircut gallery"},"content":{"rendered":"<figure class=\"wp-block-gallery has-nested-images columns-4 wp-block-gallery-1 is-layout-flex wp-block-gallery-is-layout-flex\">\n<figure class=\"wp-block-image size-large\"><a href=\"https:\/\/hairify.ee\/wp-content\/uploads\/2022\/02\/IMG_20220221_142644-01-scaled.jpeg\"><img fetchpriority=\"high\" decoding=\"async\" width=\"576\" height=\"1024\" data-id=\"926\" src=\"https:\/\/hairify.ee\/wp-content\/uploads\/2022\/02\/IMG_20220221_142644-01-576x1024.jpeg\" alt=\"hairify meeste juuksuri l\u00f5ikus\" class=\"wp-image-926\" srcset=\"https:\/\/hairify.ee\/wp-content\/uploads\/2022\/02\/IMG_20220221_142644-01-576x1024.jpeg 576w, https:\/\/hairify.ee\/wp-content\/uploads\/2022\/02\/IMG_20220221_142644-01-169x300.jpeg 169w, https:\/\/hairify.ee\/wp-content\/uploads\/2022\/02\/IMG_20220221_142644-01-768x1365.jpeg 768w, https:\/\/hairify.ee\/wp-content\/uploads\/2022\/02\/IMG_20220221_142644-01-864x1536.jpeg 864w, https:\/\/hairify.ee\/wp-content\/uploads\/2022\/02\/IMG_20220221_142644-01-1152x2048.jpeg 1152w, https:\/\/hairify.ee\/wp-content\/uploads\/2022\/02\/IMG_20220221_142644-01-scaled.jpeg 1440w\" sizes=\"(max-width: 576px) 100vw, 576px\" \/><\/a><\/figure>\n\n\n\n<figure class=\"wp-block-image size-large\"><a href=\"https:\/\/hairify.ee\/wp-content\/uploads\/2022\/02\/IMG_20220202_133932-01.jpeg\"><img decoding=\"async\" width=\"575\" height=\"1024\" data-id=\"923\" src=\"https:\/\/hairify.ee\/wp-content\/uploads\/2022\/02\/IMG_20220202_133932-01-575x1024.jpeg\" alt=\"hairify meeste juuksuri l\u00f5ikus\" class=\"wp-image-923\" srcset=\"https:\/\/hairify.ee\/wp-content\/uploads\/2022\/02\/IMG_20220202_133932-01-575x1024.jpeg 575w, https:\/\/hairify.ee\/wp-content\/uploads\/2022\/02\/IMG_20220202_133932-01-169x300.jpeg 169w, https:\/\/hairify.ee\/wp-content\/uploads\/2022\/02\/IMG_20220202_133932-01-768x1367.jpeg 768w, https:\/\/hairify.ee\/wp-content\/uploads\/2022\/02\/IMG_20220202_133932-01-863x1536.jpeg 863w, https:\/\/hairify.ee\/wp-content\/uploads\/2022\/02\/IMG_20220202_133932-01.jpeg 899w\" sizes=\"(max-width: 575px) 100vw, 575px\" \/><\/a><\/figure>\n\n\n\n<figure class=\"wp-block-image size-large\"><a href=\"https:\/\/hairify.ee\/wp-content\/uploads\/2022\/01\/IMG_20220117_115254-01-01-scaled.jpeg\"><img decoding=\"async\" width=\"576\" height=\"1024\" data-id=\"920\" src=\"https:\/\/hairify.ee\/wp-content\/uploads\/2022\/01\/IMG_20220117_115254-01-01-576x1024.jpeg\" alt=\"hairify meeste juuksuri l\u00f5ikus\" class=\"wp-image-920\" srcset=\"https:\/\/hairify.ee\/wp-content\/uploads\/2022\/01\/IMG_20220117_115254-01-01-576x1024.jpeg 576w, https:\/\/hairify.ee\/wp-content\/uploads\/2022\/01\/IMG_20220117_115254-01-01-169x300.jpeg 169w, https:\/\/hairify.ee\/wp-content\/uploads\/2022\/01\/IMG_20220117_115254-01-01-768x1365.jpeg 768w, https:\/\/hairify.ee\/wp-content\/uploads\/2022\/01\/IMG_20220117_115254-01-01-864x1536.jpeg 864w, https:\/\/hairify.ee\/wp-content\/uploads\/2022\/01\/IMG_20220117_115254-01-01-1152x2048.jpeg 1152w, https:\/\/hairify.ee\/wp-content\/uploads\/2022\/01\/IMG_20220117_115254-01-01-scaled.jpeg 1440w\" sizes=\"(max-width: 576px) 100vw, 576px\" \/><\/a><\/figure>\n\n\n\n<figure class=\"wp-block-image size-large\"><a href=\"https:\/\/hairify.ee\/wp-content\/uploads\/2022\/01\/IMG_20220110_200157-01.jpeg\"><img loading=\"lazy\" decoding=\"async\" width=\"576\" height=\"1024\" data-id=\"913\" src=\"https:\/\/hairify.ee\/wp-content\/uploads\/2022\/01\/IMG_20220110_200157-01-576x1024.jpeg\" alt=\"hairify meeste juuksuri l\u00f5ikus\" class=\"wp-image-913\" srcset=\"https:\/\/hairify.ee\/wp-content\/uploads\/2022\/01\/IMG_20220110_200157-01-576x1024.jpeg 576w, https:\/\/hairify.ee\/wp-content\/uploads\/2022\/01\/IMG_20220110_200157-01-169x300.jpeg 169w, https:\/\/hairify.ee\/wp-content\/uploads\/2022\/01\/IMG_20220110_200157-01-768x1365.jpeg 768w, https:\/\/hairify.ee\/wp-content\/uploads\/2022\/01\/IMG_20220110_200157-01-864x1536.jpeg 864w, https:\/\/hairify.ee\/wp-content\/uploads\/2022\/01\/IMG_20220110_200157-01.jpeg 900w\" sizes=\"(max-width: 576px) 100vw, 576px\" \/><\/a><\/figure>\n\n\n\n<figure class=\"wp-block-image size-large\"><a href=\"https:\/\/hairify.ee\/wp-content\/uploads\/2022\/01\/raam-scaled.jpeg\"><img loading=\"lazy\" decoding=\"async\" width=\"766\" height=\"1024\" data-id=\"905\" src=\"https:\/\/hairify.ee\/wp-content\/uploads\/2022\/01\/raam-766x1024.jpeg\" alt=\"meeste juuksel\u00f5ikus short curly style hair\" class=\"wp-image-905\" srcset=\"https:\/\/hairify.ee\/wp-content\/uploads\/2022\/01\/raam-766x1024.jpeg 766w, https:\/\/hairify.ee\/wp-content\/uploads\/2022\/01\/raam-224x300.jpeg 224w, https:\/\/hairify.ee\/wp-content\/uploads\/2022\/01\/raam-768x1026.jpeg 768w, https:\/\/hairify.ee\/wp-content\/uploads\/2022\/01\/raam-1149x1536.jpeg 1149w, https:\/\/hairify.ee\/wp-content\/uploads\/2022\/01\/raam-1532x2048.jpeg 1532w, https:\/\/hairify.ee\/wp-content\/uploads\/2022\/01\/raam-scaled.jpeg 1916w\" sizes=\"(max-width: 766px) 100vw, 766px\" \/><\/a><\/figure>\n\n\n\n<figure class=\"wp-block-image size-large\"><a href=\"https:\/\/hairify.ee\/wp-content\/uploads\/2022\/01\/IMG_20220104_122352-01-scaled.jpeg\"><img loading=\"lazy\" decoding=\"async\" width=\"576\" height=\"1024\" data-id=\"903\" src=\"https:\/\/hairify.ee\/wp-content\/uploads\/2022\/01\/IMG_20220104_122352-01-576x1024.jpeg\" alt=\"meeste juuksel\u00f5ikus high fade\" class=\"wp-image-903\" srcset=\"https:\/\/hairify.ee\/wp-content\/uploads\/2022\/01\/IMG_20220104_122352-01-576x1024.jpeg 576w, https:\/\/hairify.ee\/wp-content\/uploads\/2022\/01\/IMG_20220104_122352-01-169x300.jpeg 169w, https:\/\/hairify.ee\/wp-content\/uploads\/2022\/01\/IMG_20220104_122352-01-768x1365.jpeg 768w, https:\/\/hairify.ee\/wp-content\/uploads\/2022\/01\/IMG_20220104_122352-01-864x1536.jpeg 864w, https:\/\/hairify.ee\/wp-content\/uploads\/2022\/01\/IMG_20220104_122352-01-1152x2048.jpeg 1152w, https:\/\/hairify.ee\/wp-content\/uploads\/2022\/01\/IMG_20220104_122352-01-scaled.jpeg 1440w\" sizes=\"(max-width: 576px) 100vw, 576px\" \/><\/a><\/figure>\n\n\n\n<figure class=\"wp-block-image size-large\"><a href=\"https:\/\/hairify.ee\/wp-content\/uploads\/2022\/03\/IMG_20220304_120207-01-scaled.jpeg\"><img loading=\"lazy\" decoding=\"async\" width=\"1440\" height=\"2560\" data-id=\"931\" src=\"https:\/\/hairify.ee\/wp-content\/uploads\/2022\/03\/IMG_20220304_120207-01-scaled.jpeg\" alt=\"hairify meeste juuksuri l\u00f5ikus\" class=\"wp-image-931\" srcset=\"https:\/\/hairify.ee\/wp-content\/uploads\/2022\/03\/IMG_20220304_120207-01-scaled.jpeg 1440w, https:\/\/hairify.ee\/wp-content\/uploads\/2022\/03\/IMG_20220304_120207-01-169x300.jpeg 169w, https:\/\/hairify.ee\/wp-content\/uploads\/2022\/03\/IMG_20220304_120207-01-576x1024.jpeg 576w, https:\/\/hairify.ee\/wp-content\/uploads\/2022\/03\/IMG_20220304_120207-01-768x1365.jpeg 768w, https:\/\/hairify.ee\/wp-content\/uploads\/2022\/03\/IMG_20220304_120207-01-864x1536.jpeg 864w, https:\/\/hairify.ee\/wp-content\/uploads\/2022\/03\/IMG_20220304_120207-01-1152x2048.jpeg 1152w\" sizes=\"(max-width: 1440px) 100vw, 1440px\" \/><\/a><\/figure>\n\n\n\n<figure class=\"wp-block-image size-large\"><a href=\"https:\/\/hairify.ee\/wp-content\/uploads\/2022\/08\/IMG_20220826_165940-01-scaled.jpeg\"><img loading=\"lazy\" decoding=\"async\" width=\"681\" height=\"1024\" data-id=\"1136\" src=\"https:\/\/hairify.ee\/wp-content\/uploads\/2022\/08\/IMG_20220826_165940-01-681x1024.jpeg\" alt=\"\" class=\"wp-image-1136\" srcset=\"https:\/\/hairify.ee\/wp-content\/uploads\/2022\/08\/IMG_20220826_165940-01-681x1024.jpeg 681w, https:\/\/hairify.ee\/wp-content\/uploads\/2022\/08\/IMG_20220826_165940-01-199x300.jpeg 199w, https:\/\/hairify.ee\/wp-content\/uploads\/2022\/08\/IMG_20220826_165940-01-768x1155.jpeg 768w, https:\/\/hairify.ee\/wp-content\/uploads\/2022\/08\/IMG_20220826_165940-01-1021x1536.jpeg 1021w, https:\/\/hairify.ee\/wp-content\/uploads\/2022\/08\/IMG_20220826_165940-01-1362x2048.jpeg 1362w, https:\/\/hairify.ee\/wp-content\/uploads\/2022\/08\/IMG_20220826_165940-01-8x12.jpeg 8w, https:\/\/hairify.ee\/wp-content\/uploads\/2022\/08\/IMG_20220826_165940-01-scaled.jpeg 1702w\" sizes=\"(max-width: 681px) 100vw, 681px\" \/><\/a><\/figure>\n<\/figure>\n\n\n\n<p><\/p>","protected":false},"excerpt":{"rendered":"","protected":false},"author":2,"featured_media":0,"parent":0,"menu_order":0,"comment_status":"closed","ping_status":"closed","template":"","meta":{"footnotes":""},"class_list":["post-902","page","type-page","status-publish","hentry"],"yoast_head":"<!-- This site is optimized with the Yoast SEO plugin v27.5 - https:\/\/yoast.com\/product\/yoast-seo-wordpress\/ -->\n<title>Tehtud t\u00f6\u00f6d | Meeste l\u00f5ikused ja habemehooldus | Hairify<\/title>\n<meta name=\"description\" content=\"Vaata Hairify meistrite tehtud t\u00f6id: modernsed meeste l\u00f5ikused, klassikalised stiilid ja t\u00e4pne habemehooldus. Leia inspiratsiooni oma j\u00e4rgmiseks k\u00fclastuseks!\" \/>\n<meta name=\"robots\" content=\"index, follow, max-snippet:-1, max-image-preview:large, max-video-preview:-1\" \/>\n<link rel=\"canonical\" href=\"https:\/\/hairify.ee\/en\/tehtud-tood\/\" \/>\n<meta property=\"og:locale\" content=\"en_GB\" \/>\n<meta property=\"og:type\" content=\"article\" \/>\n<meta property=\"og:title\" content=\"Tehtud t\u00f6\u00f6d | Meeste l\u00f5ikused ja habemehooldus | Hairify\" \/>\n<meta property=\"og:description\" content=\"Vaata Hairify meistrite tehtud t\u00f6id: modernsed meeste l\u00f5ikused, klassikalised stiilid ja t\u00e4pne habemehooldus. Leia inspiratsiooni oma j\u00e4rgmiseks k\u00fclastuseks!\" \/>\n<meta property=\"og:url\" content=\"https:\/\/hairify.ee\/en\/tehtud-tood\/\" \/>\n<meta property=\"og:site_name\" content=\"Hairify\" \/>\n<meta property=\"article:publisher\" content=\"https:\/\/facebook.com\/hairifyeesti\/\" \/>\n<meta property=\"article:modified_time\" content=\"2026-02-23T10:29:07+00:00\" \/>\n<meta property=\"og:image\" content=\"https:\/\/hairify.ee\/wp-content\/uploads\/2022\/02\/IMG_20220221_142644-01-scaled.jpeg\" \/>\n\t<meta property=\"og:image:width\" content=\"1440\" \/>\n\t<meta property=\"og:image:height\" content=\"2560\" \/>\n\t<meta property=\"og:image:type\" content=\"image\/jpeg\" \/>\n<meta name=\"twitter:card\" content=\"summary_large_image\" \/>\n<meta name=\"twitter:label1\" content=\"Estimated reading time\" \/>\n\t<meta name=\"twitter:data1\" content=\"2 minutes\" \/>\n<script type=\"application\/ld+json\" class=\"yoast-schema-graph\">{\"@context\":\"https:\\\/\\\/schema.org\",\"@graph\":[{\"@type\":\"WebPage\",\"@id\":\"https:\\\/\\\/hairify.ee\\\/tehtud-tood\\\/\",\"url\":\"https:\\\/\\\/hairify.ee\\\/tehtud-tood\\\/\",\"name\":\"Tehtud t\u00f6\u00f6d | Meeste l\u00f5ikused ja habemehooldus | Hairify\",\"isPartOf\":{\"@id\":\"https:\\\/\\\/hairify.ee\\\/#website\"},\"primaryImageOfPage\":{\"@id\":\"https:\\\/\\\/hairify.ee\\\/tehtud-tood\\\/#primaryimage\"},\"image\":{\"@id\":\"https:\\\/\\\/hairify.ee\\\/tehtud-tood\\\/#primaryimage\"},\"thumbnailUrl\":\"https:\\\/\\\/hairify.ee\\\/wp-content\\\/uploads\\\/2022\\\/02\\\/IMG_20220221_142644-01-576x1024.jpeg\",\"datePublished\":\"2022-01-09T12:36:35+00:00\",\"dateModified\":\"2026-02-23T10:29:07+00:00\",\"description\":\"Vaata Hairify meistrite tehtud t\u00f6id: modernsed meeste l\u00f5ikused, klassikalised stiilid ja t\u00e4pne habemehooldus. Leia inspiratsiooni oma j\u00e4rgmiseks k\u00fclastuseks!\",\"breadcrumb\":{\"@id\":\"https:\\\/\\\/hairify.ee\\\/tehtud-tood\\\/#breadcrumb\"},\"inLanguage\":\"en-GB\",\"potentialAction\":[{\"@type\":\"ReadAction\",\"target\":[\"https:\\\/\\\/hairify.ee\\\/tehtud-tood\\\/\"]}]},{\"@type\":\"ImageObject\",\"inLanguage\":\"en-GB\",\"@id\":\"https:\\\/\\\/hairify.ee\\\/tehtud-tood\\\/#primaryimage\",\"url\":\"https:\\\/\\\/hairify.ee\\\/wp-content\\\/uploads\\\/2022\\\/02\\\/IMG_20220221_142644-01-576x1024.jpeg\",\"contentUrl\":\"https:\\\/\\\/hairify.ee\\\/wp-content\\\/uploads\\\/2022\\\/02\\\/IMG_20220221_142644-01-576x1024.jpeg\"},{\"@type\":\"BreadcrumbList\",\"@id\":\"https:\\\/\\\/hairify.ee\\\/tehtud-tood\\\/#breadcrumb\",\"itemListElement\":[{\"@type\":\"ListItem\",\"position\":1,\"name\":\"Home\",\"item\":\"https:\\\/\\\/hairify.ee\\\/\"},{\"@type\":\"ListItem\",\"position\":2,\"name\":\"Tehtud t\u00f6\u00f6d\"}]},{\"@type\":\"WebSite\",\"@id\":\"https:\\\/\\\/hairify.ee\\\/#website\",\"url\":\"https:\\\/\\\/hairify.ee\\\/\",\"name\":\"Hairify\",\"description\":\"Meeste juuksur - Tallinn\",\"publisher\":{\"@id\":\"https:\\\/\\\/hairify.ee\\\/#organization\"},\"potentialAction\":[{\"@type\":\"SearchAction\",\"target\":{\"@type\":\"EntryPoint\",\"urlTemplate\":\"https:\\\/\\\/hairify.ee\\\/?s={search_term_string}\"},\"query-input\":{\"@type\":\"PropertyValueSpecification\",\"valueRequired\":true,\"valueName\":\"search_term_string\"}}],\"inLanguage\":\"en-GB\"},{\"@type\":\"Organization\",\"@id\":\"https:\\\/\\\/hairify.ee\\\/#organization\",\"name\":\"Hairify meeste juuksur\",\"url\":\"https:\\\/\\\/hairify.ee\\\/\",\"logo\":{\"@type\":\"ImageObject\",\"inLanguage\":\"en-GB\",\"@id\":\"https:\\\/\\\/hairify.ee\\\/#\\\/schema\\\/logo\\\/image\\\/\",\"url\":\"https:\\\/\\\/hairify.ee\\\/wp-content\\\/uploads\\\/2021\\\/12\\\/Color-logo-no-background.png\",\"contentUrl\":\"https:\\\/\\\/hairify.ee\\\/wp-content\\\/uploads\\\/2021\\\/12\\\/Color-logo-no-background.png\",\"width\":3192,\"height\":3192,\"caption\":\"Hairify meeste juuksur\"},\"image\":{\"@id\":\"https:\\\/\\\/hairify.ee\\\/#\\\/schema\\\/logo\\\/image\\\/\"},\"sameAs\":[\"https:\\\/\\\/facebook.com\\\/hairifyeesti\\\/\",\"https:\\\/\\\/www.instagram.com\\\/hairifyeesti\\\/\"]}]}<\/script>\n<!-- \/ Yoast SEO plugin. -->","yoast_head_json":{"title":"Tehtud t\u00f6\u00f6d | Meeste l\u00f5ikused ja habemehooldus | Hairify","description":"Vaata Hairify meistrite tehtud t\u00f6id: modernsed meeste l\u00f5ikused, klassikalised stiilid ja t\u00e4pne habemehooldus. Leia inspiratsiooni oma j\u00e4rgmiseks k\u00fclastuseks!","robots":{"index":"index","follow":"follow","max-snippet":"max-snippet:-1","max-image-preview":"max-image-preview:large","max-video-preview":"max-video-preview:-1"},"canonical":"https:\/\/hairify.ee\/en\/tehtud-tood\/","og_locale":"en_GB","og_type":"article","og_title":"Tehtud t\u00f6\u00f6d | Meeste l\u00f5ikused ja habemehooldus | Hairify","og_description":"Vaata Hairify meistrite tehtud t\u00f6id: modernsed meeste l\u00f5ikused, klassikalised stiilid ja t\u00e4pne habemehooldus. Leia inspiratsiooni oma j\u00e4rgmiseks k\u00fclastuseks!","og_url":"https:\/\/hairify.ee\/en\/tehtud-tood\/","og_site_name":"Hairify","article_publisher":"https:\/\/facebook.com\/hairifyeesti\/","article_modified_time":"2026-02-23T10:29:07+00:00","og_image":[{"width":1440,"height":2560,"url":"https:\/\/hairify.ee\/wp-content\/uploads\/2022\/02\/IMG_20220221_142644-01-scaled.jpeg","type":"image\/jpeg"}],"twitter_card":"summary_large_image","twitter_misc":{"Estimated reading time":"2 minutes"},"schema":{"@context":"https:\/\/schema.org","@graph":[{"@type":"WebPage","@id":"https:\/\/hairify.ee\/tehtud-tood\/","url":"https:\/\/hairify.ee\/tehtud-tood\/","name":"Tehtud t\u00f6\u00f6d | Meeste l\u00f5ikused ja habemehooldus | Hairify","isPartOf":{"@id":"https:\/\/hairify.ee\/#website"},"primaryImageOfPage":{"@id":"https:\/\/hairify.ee\/tehtud-tood\/#primaryimage"},"image":{"@id":"https:\/\/hairify.ee\/tehtud-tood\/#primaryimage"},"thumbnailUrl":"https:\/\/hairify.ee\/wp-content\/uploads\/2022\/02\/IMG_20220221_142644-01-576x1024.jpeg","datePublished":"2022-01-09T12:36:35+00:00","dateModified":"2026-02-23T10:29:07+00:00","description":"Vaata Hairify meistrite tehtud t\u00f6id: modernsed meeste l\u00f5ikused, klassikalised stiilid ja t\u00e4pne habemehooldus. Leia inspiratsiooni oma j\u00e4rgmiseks k\u00fclastuseks!","breadcrumb":{"@id":"https:\/\/hairify.ee\/tehtud-tood\/#breadcrumb"},"inLanguage":"en-GB","potentialAction":[{"@type":"ReadAction","target":["https:\/\/hairify.ee\/tehtud-tood\/"]}]},{"@type":"ImageObject","inLanguage":"en-GB","@id":"https:\/\/hairify.ee\/tehtud-tood\/#primaryimage","url":"https:\/\/hairify.ee\/wp-content\/uploads\/2022\/02\/IMG_20220221_142644-01-576x1024.jpeg","contentUrl":"https:\/\/hairify.ee\/wp-content\/uploads\/2022\/02\/IMG_20220221_142644-01-576x1024.jpeg"},{"@type":"BreadcrumbList","@id":"https:\/\/hairify.ee\/tehtud-tood\/#breadcrumb","itemListElement":[{"@type":"ListItem","position":1,"name":"Home","item":"https:\/\/hairify.ee\/"},{"@type":"ListItem","position":2,"name":"Tehtud t\u00f6\u00f6d"}]},{"@type":"WebSite","@id":"https:\/\/hairify.ee\/#website","url":"https:\/\/hairify.ee\/","name":"Hairify","description":"Meeste juuksur - Tallinn","publisher":{"@id":"https:\/\/hairify.ee\/#organization"},"potentialAction":[{"@type":"SearchAction","target":{"@type":"EntryPoint","urlTemplate":"https:\/\/hairify.ee\/?s={search_term_string}"},"query-input":{"@type":"PropertyValueSpecification","valueRequired":true,"valueName":"search_term_string"}}],"inLanguage":"en-GB"},{"@type":"Organization","@id":"https:\/\/hairify.ee\/#organization","name":"Hairify meeste juuksur","url":"https:\/\/hairify.ee\/","logo":{"@type":"ImageObject","inLanguage":"en-GB","@id":"https:\/\/hairify.ee\/#\/schema\/logo\/image\/","url":"https:\/\/hairify.ee\/wp-content\/uploads\/2021\/12\/Color-logo-no-background.png","contentUrl":"https:\/\/hairify.ee\/wp-content\/uploads\/2021\/12\/Color-logo-no-background.png","width":3192,"height":3192,"caption":"Hairify meeste juuksur"},"image":{"@id":"https:\/\/hairify.ee\/#\/schema\/logo\/image\/"},"sameAs":["https:\/\/facebook.com\/hairifyeesti\/","https:\/\/www.instagram.com\/hairifyeesti\/"]}]}},"_links":{"self":[{"href":"https:\/\/hairify.ee\/en\/wp-json\/wp\/v2\/pages\/902","targetHints":{"allow":["GET"]}}],"collection":[{"href":"https:\/\/hairify.ee\/en\/wp-json\/wp\/v2\/pages"}],"about":[{"href":"https:\/\/hairify.ee\/en\/wp-json\/wp\/v2\/types\/page"}],"author":[{"embeddable":true,"href":"https:\/\/hairify.ee\/en\/wp-json\/wp\/v2\/users\/2"}],"replies":[{"embeddable":true,"href":"https:\/\/hairify.ee\/en\/wp-json\/wp\/v2\/comments?post=902"}],"version-history":[{"count":10,"href":"https:\/\/hairify.ee\/en\/wp-json\/wp\/v2\/pages\/902\/revisions"}],"predecessor-version":[{"id":1137,"href":"https:\/\/hairify.ee\/en\/wp-json\/wp\/v2\/pages\/902\/revisions\/1137"}],"wp:attachment":[{"href":"https:\/\/hairify.ee\/en\/wp-json\/wp\/v2\/media?parent=902"}],"curies":[{"name":"wp","href":"https:\/\/api.w.org\/{rel}","templated":true}]}}